{"id":4017,"date":"2023-07-15T19:20:47","date_gmt":"2023-07-15T17:20:47","guid":{"rendered":"http:\/\/cvoqgrz.cluster027.hosting.ovh.net\/?page_id=4017"},"modified":"2023-12-18T07:24:04","modified_gmt":"2023-12-18T06:24:04","slug":"a-propos-2","status":"publish","type":"page","link":"https:\/\/www.skullstrings.com\/wpn\/index.php\/fr\/a-propos-2\/","title":{"rendered":"A propos"},"content":{"rendered":"\t\t<div data-elementor-type=\"wp-page\" data-elementor-id=\"4017\" class=\"elementor elementor-4017\" data-elementor-post-type=\"page\">\n\t\t\t\t\t\t\t\t\t<section class=\"elementor-section elementor-top-section elementor-element elementor-element-4fa581d3 elementor-section-boxed elementor-section-height-default elementor-section-height-default wpr-particle-no wpr-jarallax-no wpr-parallax-no wpr-sticky-section-no\" data-id=\"4fa581d3\" data-element_type=\"section\">\n\t\t\t\t\t\t<div class=\"elementor-container elementor-column-gap-default\">\n\t\t\t\t\t<div class=\"elementor-column elementor-col-100 elementor-top-column elementor-element elementor-element-52d24c00\" data-id=\"52d24c00\" data-element_type=\"column\" data-settings=\"{&quot;background_background&quot;:&quot;classic&quot;}\">\n\t\t\t<div class=\"elementor-widget-wrap elementor-element-populated\">\n\t\t\t\t\t<div class=\"elementor-background-overlay\"><\/div>\n\t\t\t\t\t\t\t\t<div class=\"elementor-element elementor-element-373fdf3e e-transform elementor-widget elementor-widget-text-editor\" data-id=\"373fdf3e\" data-element_type=\"widget\" data-settings=\"{&quot;_transform_translateX_effect_mobile&quot;:{&quot;unit&quot;:&quot;px&quot;,&quot;size&quot;:14,&quot;sizes&quot;:[]},&quot;_transform_translateY_effect&quot;:{&quot;unit&quot;:&quot;px&quot;,&quot;size&quot;:32,&quot;sizes&quot;:[]},&quot;_transform_translateY_effect_mobile&quot;:{&quot;unit&quot;:&quot;px&quot;,&quot;size&quot;:3,&quot;sizes&quot;:[]},&quot;_transform_translateX_effect&quot;:{&quot;unit&quot;:&quot;px&quot;,&quot;size&quot;:&quot;&quot;,&quot;sizes&quot;:[]},&quot;_transform_translateX_effect_tablet&quot;:{&quot;unit&quot;:&quot;px&quot;,&quot;size&quot;:&quot;&quot;,&quot;sizes&quot;:[]},&quot;_transform_translateY_effect_tablet&quot;:{&quot;unit&quot;:&quot;px&quot;,&quot;size&quot;:&quot;&quot;,&quot;sizes&quot;:[]}}\" data-widget_type=\"text-editor.default\">\n\t\t\t\t<div class=\"elementor-widget-container\">\n\t\t\t<style>\/*! elementor - v3.17.0 - 08-11-2023 *\/\n.elementor-widget-text-editor.elementor-drop-cap-view-stacked .elementor-drop-cap{background-color:#69727d;color:#fff}.elementor-widget-text-editor.elementor-drop-cap-view-framed .elementor-drop-cap{color:#69727d;border:3px solid;background-color:transparent}.elementor-widget-text-editor:not(.elementor-drop-cap-view-default) .elementor-drop-cap{margin-top:8px}.elementor-widget-text-editor:not(.elementor-drop-cap-view-default) .elementor-drop-cap-letter{width:1em;height:1em}.elementor-widget-text-editor .elementor-drop-cap{float:left;text-align:center;line-height:1;font-size:50px}.elementor-widget-text-editor .elementor-drop-cap-letter{display:inline-block}<\/style>\t\t\t\t<!-- wp:heading -->\n<h2 class=\"wp-block-heading\"><span style=\"color: #ffffff;\">Notre Entreprise<\/span><\/h2>\n<!-- \/wp:heading --><!-- wp:paragraph -->\n<p>\u00a0\u00bb Parce que la corde est le premier \u00e9l\u00e9ment vibrant, Parce que le son ne peut se d\u00e9partir de chacun de ses \u00e9l\u00e9ments, il \u00e9tait tout naturel de porter aux cordes une attention toute particuli\u00e8re. \u00ab\u00a0<\/p>\n<!-- \/wp:paragraph --><!-- wp:paragraph -->\n<p>SKULL STRINGS est la marque de la soci\u00e9t\u00e9 TOLITO (1993), cr\u00e9\u00e9e en 2004 et enti\u00e8rement d\u00e9di\u00e9e au Metal et aux Musiques Extr\u00eames.<\/p>\n<!-- \/wp:paragraph --><!-- wp:paragraph -->\n<p>Son cr\u00e9ateur, Carlos Pavicich, ancien bassiste professionnel de son \u00e9tat, a toujours port\u00e9 un soin attentif \u00e0 son son.<\/p>\n<!-- \/wp:paragraph --><!-- wp:paragraph -->\n<p>Dans les ann\u00e9es 90, alors propri\u00e9taire de plusieurs magasins de musique en Lorraine, il a longtemps essay\u00e9 de trouver les solutions adapt\u00e9es pour tous ces musiciens cherchant inlassablement les sets qui leur correspondaient.<\/p>\n<!-- \/wp:paragraph --><!-- wp:paragraph -->\n<p>Loin de se laisser dicter sa musique par des contraintes techniques standardis\u00e9es et en homme de solutions, germait l\u2019id\u00e9e SKULL STRINGS. Et apr\u00e8s une dizaine d\u2019ann\u00e9es de recherches et de tests, la premi\u00e8re gamme de SKULL STRINGS voyait le jour, la gamme DROP. Les autres suivirent.<\/p>\n<!-- \/wp:paragraph --><!-- wp:paragraph -->\n<p>Pr\u00e9curseurs dans les gammes Drop, Low Tuning et les tirants custom et extr\u00eames, notre travail ne se r\u00e9sume pas uniquement \u00e0 filer des cordes de tr\u00e8s haute qualit\u00e9, mais plus encore de trouver des solutions adapt\u00e9es aux besoins, toujours plus sp\u00e9cifiques, des musiciens. Notre travail consiste surtout \u00e0 \u00f4ter les soucis dus aux contraintes techniques de l\u2019esprit du musicien.<\/p>\n<!-- \/wp:paragraph --><!-- wp:paragraph -->\n<p>\u00a0\u00bb La meilleure corde ? Celle qui correspond aux choix, besoins et go\u00fbts de l\u2019artiste. La corde \u00e9tant le premier \u00e9l\u00e9ment en contact avec ses doigts, et de fait, le premier v\u00e9hicule entre sa cr\u00e9ativit\u00e9 et le monde r\u00e9el, la meilleure corde est celle qui lui permet d\u2019oublier qu\u2019il est en train de toucher une corde.\u00a0\u00bb<\/p>\n<!-- \/wp:paragraph --><!-- wp:paragraph -->\n<p>\u00a0<\/p>\n<!-- \/wp:paragraph -->\t\t\t\t\t\t<\/div>\n\t\t\t\t<\/div>\n\t\t\t\t\t<\/div>\n\t\t<\/div>\n\t\t\t\t\t\t\t<\/div>\n\t\t<\/section>\n\t\t\t\t\t\t\t<\/div>\n\t\t","protected":false},"excerpt":{"rendered":"<p>Notre Entreprise \u00a0\u00bb Parce que la corde est le premier \u00e9l\u00e9ment vibrant, Parce que le son ne peut se d\u00e9partir de chacun<\/p>\n<p class=\"link-more\"><a class=\"myButt \" href=\"https:\/\/www.skullstrings.com\/wpn\/index.php\/fr\/a-propos-2\/\">Read More<\/a><\/p>\n","protected":false},"author":1,"featured_media":0,"parent":0,"menu_order":0,"comment_status":"closed","ping_status":"closed","template":"","meta":{"footnotes":""},"class_list":["post-4017","page","type-page","status-publish","hentry"],"yoast_head":"<!-- This site is optimized with the Yoast SEO plugin v21.7 - https:\/\/yoast.com\/wordpress\/plugins\/seo\/ -->\n<title>A propos - Skull strings<\/title>\n<meta name=\"robots\" content=\"index, follow, max-snippet:-1, max-image-preview:large, max-video-preview:-1\" \/>\n<link rel=\"canonical\" href=\"https:\/\/www.skullstrings.com\/wpn\/index.php\/fr\/a-propos-2\/\" \/>\n<meta property=\"og:locale\" content=\"fr_FR\" \/>\n<meta property=\"og:type\" content=\"article\" \/>\n<meta property=\"og:title\" content=\"A propos - Skull strings\" \/>\n<meta property=\"og:description\" content=\"Notre Entreprise \u00a0\u00bb Parce que la corde est le premier \u00e9l\u00e9ment vibrant, Parce que le son ne peut se d\u00e9partir de chacunRead More\" \/>\n<meta property=\"og:url\" content=\"https:\/\/www.skullstrings.com\/wpn\/index.php\/fr\/a-propos-2\/\" \/>\n<meta property=\"og:site_name\" content=\"Skull strings\" \/>\n<meta property=\"article:modified_time\" content=\"2023-12-18T06:24:04+00:00\" \/>\n<meta name=\"twitter:card\" content=\"summary_large_image\" \/>\n<meta name=\"twitter:label1\" content=\"Dur\u00e9e de lecture estim\u00e9e\" \/>\n\t<meta name=\"twitter:data1\" content=\"2 minutes\" \/>\n<script type=\"application\/ld+json\" class=\"yoast-schema-graph\">{\"@context\":\"https:\/\/schema.org\",\"@graph\":[{\"@type\":\"WebPage\",\"@id\":\"https:\/\/www.skullstrings.com\/wpn\/index.php\/fr\/a-propos-2\/\",\"url\":\"https:\/\/www.skullstrings.com\/wpn\/index.php\/fr\/a-propos-2\/\",\"name\":\"A propos - Skull strings\",\"isPartOf\":{\"@id\":\"https:\/\/www.skullstrings.com\/wpn\/#website\"},\"datePublished\":\"2023-07-15T17:20:47+00:00\",\"dateModified\":\"2023-12-18T06:24:04+00:00\",\"breadcrumb\":{\"@id\":\"https:\/\/www.skullstrings.com\/wpn\/index.php\/fr\/a-propos-2\/#breadcrumb\"},\"inLanguage\":\"fr-FR\",\"potentialAction\":[{\"@type\":\"ReadAction\",\"target\":[\"https:\/\/www.skullstrings.com\/wpn\/index.php\/fr\/a-propos-2\/\"]}]},{\"@type\":\"BreadcrumbList\",\"@id\":\"https:\/\/www.skullstrings.com\/wpn\/index.php\/fr\/a-propos-2\/#breadcrumb\",\"itemListElement\":[{\"@type\":\"ListItem\",\"position\":1,\"name\":\"Accueil\",\"item\":\"https:\/\/www.skullstrings.com\/wpn\/\"},{\"@type\":\"ListItem\",\"position\":2,\"name\":\"A propos\"}]},{\"@type\":\"WebSite\",\"@id\":\"https:\/\/www.skullstrings.com\/wpn\/#website\",\"url\":\"https:\/\/www.skullstrings.com\/wpn\/\",\"name\":\"Skull strings\",\"description\":\"https:\/\/www.skullstrings.com\/wpn\",\"publisher\":{\"@id\":\"https:\/\/www.skullstrings.com\/wpn\/#organization\"},\"potentialAction\":[{\"@type\":\"SearchAction\",\"target\":{\"@type\":\"EntryPoint\",\"urlTemplate\":\"https:\/\/www.skullstrings.com\/wpn\/?s={search_term_string}\"},\"query-input\":\"required name=search_term_string\"}],\"inLanguage\":\"fr-FR\"},{\"@type\":\"Organization\",\"@id\":\"https:\/\/www.skullstrings.com\/wpn\/#organization\",\"name\":\"Skull strings\",\"url\":\"https:\/\/www.skullstrings.com\/wpn\/\",\"logo\":{\"@type\":\"ImageObject\",\"inLanguage\":\"fr-FR\",\"@id\":\"https:\/\/www.skullstrings.com\/wpn\/#\/schema\/logo\/image\/\",\"url\":\"https:\/\/www.skullstrings.com\/wpn\/wp-content\/uploads\/2023\/07\/cropped-cropped-cropped-logo.png\",\"contentUrl\":\"https:\/\/www.skullstrings.com\/wpn\/wp-content\/uploads\/2023\/07\/cropped-cropped-cropped-logo.png\",\"width\":434,\"height\":110,\"caption\":\"Skull strings\"},\"image\":{\"@id\":\"https:\/\/www.skullstrings.com\/wpn\/#\/schema\/logo\/image\/\"}}]}<\/script>\n<!-- \/ Yoast SEO plugin. -->","yoast_head_json":{"title":"A propos - Skull strings","robots":{"index":"index","follow":"follow","max-snippet":"max-snippet:-1","max-image-preview":"max-image-preview:large","max-video-preview":"max-video-preview:-1"},"canonical":"https:\/\/www.skullstrings.com\/wpn\/index.php\/fr\/a-propos-2\/","og_locale":"fr_FR","og_type":"article","og_title":"A propos - Skull strings","og_description":"Notre Entreprise \u00a0\u00bb Parce que la corde est le premier \u00e9l\u00e9ment vibrant, Parce que le son ne peut se d\u00e9partir de chacunRead More","og_url":"https:\/\/www.skullstrings.com\/wpn\/index.php\/fr\/a-propos-2\/","og_site_name":"Skull strings","article_modified_time":"2023-12-18T06:24:04+00:00","twitter_card":"summary_large_image","twitter_misc":{"Dur\u00e9e de lecture estim\u00e9e":"2 minutes"},"schema":{"@context":"https:\/\/schema.org","@graph":[{"@type":"WebPage","@id":"https:\/\/www.skullstrings.com\/wpn\/index.php\/fr\/a-propos-2\/","url":"https:\/\/www.skullstrings.com\/wpn\/index.php\/fr\/a-propos-2\/","name":"A propos - Skull strings","isPartOf":{"@id":"https:\/\/www.skullstrings.com\/wpn\/#website"},"datePublished":"2023-07-15T17:20:47+00:00","dateModified":"2023-12-18T06:24:04+00:00","breadcrumb":{"@id":"https:\/\/www.skullstrings.com\/wpn\/index.php\/fr\/a-propos-2\/#breadcrumb"},"inLanguage":"fr-FR","potentialAction":[{"@type":"ReadAction","target":["https:\/\/www.skullstrings.com\/wpn\/index.php\/fr\/a-propos-2\/"]}]},{"@type":"BreadcrumbList","@id":"https:\/\/www.skullstrings.com\/wpn\/index.php\/fr\/a-propos-2\/#breadcrumb","itemListElement":[{"@type":"ListItem","position":1,"name":"Accueil","item":"https:\/\/www.skullstrings.com\/wpn\/"},{"@type":"ListItem","position":2,"name":"A propos"}]},{"@type":"WebSite","@id":"https:\/\/www.skullstrings.com\/wpn\/#website","url":"https:\/\/www.skullstrings.com\/wpn\/","name":"Skull strings","description":"https:\/\/www.skullstrings.com\/wpn","publisher":{"@id":"https:\/\/www.skullstrings.com\/wpn\/#organization"},"potentialAction":[{"@type":"SearchAction","target":{"@type":"EntryPoint","urlTemplate":"https:\/\/www.skullstrings.com\/wpn\/?s={search_term_string}"},"query-input":"required name=search_term_string"}],"inLanguage":"fr-FR"},{"@type":"Organization","@id":"https:\/\/www.skullstrings.com\/wpn\/#organization","name":"Skull strings","url":"https:\/\/www.skullstrings.com\/wpn\/","logo":{"@type":"ImageObject","inLanguage":"fr-FR","@id":"https:\/\/www.skullstrings.com\/wpn\/#\/schema\/logo\/image\/","url":"https:\/\/www.skullstrings.com\/wpn\/wp-content\/uploads\/2023\/07\/cropped-cropped-cropped-logo.png","contentUrl":"https:\/\/www.skullstrings.com\/wpn\/wp-content\/uploads\/2023\/07\/cropped-cropped-cropped-logo.png","width":434,"height":110,"caption":"Skull strings"},"image":{"@id":"https:\/\/www.skullstrings.com\/wpn\/#\/schema\/logo\/image\/"}}]}},"_links":{"self":[{"href":"https:\/\/www.skullstrings.com\/wpn\/index.php\/wp-json\/wp\/v2\/pages\/4017","targetHints":{"allow":["GET"]}}],"collection":[{"href":"https:\/\/www.skullstrings.com\/wpn\/index.php\/wp-json\/wp\/v2\/pages"}],"about":[{"href":"https:\/\/www.skullstrings.com\/wpn\/index.php\/wp-json\/wp\/v2\/types\/page"}],"author":[{"embeddable":true,"href":"https:\/\/www.skullstrings.com\/wpn\/index.php\/wp-json\/wp\/v2\/users\/1"}],"replies":[{"embeddable":true,"href":"https:\/\/www.skullstrings.com\/wpn\/index.php\/wp-json\/wp\/v2\/comments?post=4017"}],"version-history":[{"count":59,"href":"https:\/\/www.skullstrings.com\/wpn\/index.php\/wp-json\/wp\/v2\/pages\/4017\/revisions"}],"predecessor-version":[{"id":10819,"href":"https:\/\/www.skullstrings.com\/wpn\/index.php\/wp-json\/wp\/v2\/pages\/4017\/revisions\/10819"}],"wp:attachment":[{"href":"https:\/\/www.skullstrings.com\/wpn\/index.php\/wp-json\/wp\/v2\/media?parent=4017"}],"curies":[{"name":"wp","href":"https:\/\/api.w.org\/{rel}","templated":true}]}}